{"id":405,"date":"2022-03-04T16:14:28","date_gmt":"2022-03-04T14:14:28","guid":{"rendered":"https:\/\/wp.viascope.md\/?page_id=405"},"modified":"2023-02-14T12:09:25","modified_gmt":"2023-02-14T10:09:25","slug":"servicii","status":"publish","type":"page","link":"https:\/\/viascope.md\/?page_id=405","title":{"rendered":"Servicii"},"content":{"rendered":"\n<p><strong>Raportul de credit <\/strong>este produsul de baz\u0103 al BIC Via Scope, ce prezint\u0103 rezultatul prelucr\u0103rii de c\u0103tre sistemul informa\u021bional a datelor privind angajamentele financiare a persoanei vizate. Informa\u021bia prezent\u0103 \u00een raportul de credit reflect\u0103 gradul de \u00eendatorare a persoanei \u0219i serve\u0219te un instrument obiectiv de evaluare a capacit\u0103\u021bii de rambursare a creditelor.<\/p>\n\n\n\n<p><strong>Probability of Default<\/strong> este un instrument, bazat pe modele matematice\/statistice utilizat \u00een procesul de analiz\u0103, care indic\u0103 probabilitatea c\u0103 persoana vizat\u0103 \u00ee\u021bi va onora sau nu obliga\u021biunile contractuale. Di SCOPE este un mecanism individualizat, elaborat pentru fiecare client \u00een parte, \u00een dependen\u021b\u0103 de caracteristicele produselor oferite de el, dar \u0219i analitica tuturor componentelor a angajamentelor inclu\u0219i \u00een baza de date, de\u021binut\u0103 de Via Scope.<\/p>\n\n\n\n<p><strong>Notificarea persoanelor<\/strong> privind riscurile ce vor surveni \u00een urma sc\u0103derii nivelului de credibilitate, bazat pe Raportul de credit, cauzat de includerea \u00een baza de date Via Scope a informa\u021biei despre angajamentele financiare restante, \u00een cazul neachit\u0103rii acestora.&nbsp;<\/p>\n","protected":false},"excerpt":{"rendered":"<p>Raportul de credit este produsul de baz\u0103 al BIC Via Scope, ce prezint\u0103 rezultatul prelucr\u0103rii de c\u0103tre sistemul informa\u021bional a datelor privind angajamentele financiare a persoanei vizate. Informa\u021bia prezent\u0103 \u00een raportul de credit reflect\u0103 gradul de \u00eendatorare a persoanei \u0219i serve\u0219te un instrument obiectiv de evaluare a capacit\u0103\u021bii de rambursare a creditelor. Probability of Default [&hellip;]<\/p>\n","protected":false},"author":1,"featured_media":0,"parent":0,"menu_order":0,"comment_status":"closed","ping_status":"closed","template":"","meta":{"_acf_changed":false,"footnotes":""},"class_list":["post-405","page","type-page","status-publish","hentry"],"acf":[],"_links":{"self":[{"href":"https:\/\/viascope.md\/index.php?rest_route=\/wp\/v2\/pages\/405","targetHints":{"allow":["GET"]}}],"collection":[{"href":"https:\/\/viascope.md\/index.php?rest_route=\/wp\/v2\/pages"}],"about":[{"href":"https:\/\/viascope.md\/index.php?rest_route=\/wp\/v2\/types\/page"}],"author":[{"embeddable":true,"href":"https:\/\/viascope.md\/index.php?rest_route=\/wp\/v2\/users\/1"}],"replies":[{"embeddable":true,"href":"https:\/\/viascope.md\/index.php?rest_route=%2Fwp%2Fv2%2Fcomments&post=405"}],"version-history":[{"count":5,"href":"https:\/\/viascope.md\/index.php?rest_route=\/wp\/v2\/pages\/405\/revisions"}],"predecessor-version":[{"id":713,"href":"https:\/\/viascope.md\/index.php?rest_route=\/wp\/v2\/pages\/405\/revisions\/713"}],"wp:attachment":[{"href":"https:\/\/viascope.md\/index.php?rest_route=%2Fwp%2Fv2%2Fmedia&parent=405"}],"curies":[{"name":"wp","href":"https:\/\/api.w.org\/{rel}","templated":true}]}}